{"id":14200,"date":"2023-01-19T18:45:02","date_gmt":"2023-01-19T18:45:02","guid":{"rendered":"https:\/\/grupoemba.com.mx\/?post_type=product&#038;p=14200"},"modified":"2024-06-21T18:48:50","modified_gmt":"2024-06-21T18:48:50","slug":"martilladora-bs3","status":"publish","type":"product","link":"https:\/\/grupoemba.com.mx\/en\/product\/martilladora-bs3\/","title":{"rendered":"MARTILLADORA BS-3"},"content":{"rendered":"<p><a href=\"https:\/\/grupoemba.com.mx\/wp-content\/uploads\/2023\/01\/BS3.pdf\">BS3<\/a> PDF<\/p>\n<p>Apta para hacer ojales en las plantillas para la elaboraci\u00f3n IDEAL.<\/p>\n<p>El corte con punz\u00f3n y las adecuadas gu\u00edas ajustables permiten la elaboraci\u00f3n en cada punto de las plantillas.<\/p>\n<p>La m\u00e1quina est\u00e1 equipada de muela esmeril perfilada para la afiladura del punz\u00f3n.<\/p>\n<p><iframe title=\"YouTube video player\" src=\"https:\/\/www.youtube.com\/embed\/ak5GVevUU4M\" width=\"560\" height=\"315\" frameborder=\"0\" allowfullscreen=\"allowfullscreen\"><\/iframe><\/p>","protected":false},"excerpt":{"rendered":"<p>BS3 PDF Apta para hacer ojales en las plantillas para la elaboraci\u00f3n IDEAL. El corte con punz\u00f3n y las adecuadas gu\u00edas ajustables permiten la elaboraci\u00f3n en cada punto de las plantillas. La m\u00e1quina est\u00e1 equipada de muela esmeril perfilada para la afiladura del punz\u00f3n.<\/p>","protected":false},"featured_media":15481,"comment_status":"open","ping_status":"closed","template":"","meta":{"_joinchat":[]},"product_brand":[],"product_cat":[36],"product_tag":[],"class_list":{"0":"post-14200","1":"product","2":"type-product","3":"status-publish","4":"has-post-thumbnail","6":"product_cat-maquinaria","8":"first","9":"instock","10":"shipping-taxable","11":"product-type-simple"},"jetpack_sharing_enabled":true,"_links":{"self":[{"href":"https:\/\/grupoemba.com.mx\/en\/wp-json\/wp\/v2\/product\/14200","targetHints":{"allow":["GET"]}}],"collection":[{"href":"https:\/\/grupoemba.com.mx\/en\/wp-json\/wp\/v2\/product"}],"about":[{"href":"https:\/\/grupoemba.com.mx\/en\/wp-json\/wp\/v2\/types\/product"}],"replies":[{"embeddable":true,"href":"https:\/\/grupoemba.com.mx\/en\/wp-json\/wp\/v2\/comments?post=14200"}],"version-history":[{"count":5,"href":"https:\/\/grupoemba.com.mx\/en\/wp-json\/wp\/v2\/product\/14200\/revisions"}],"predecessor-version":[{"id":20088,"href":"https:\/\/grupoemba.com.mx\/en\/wp-json\/wp\/v2\/product\/14200\/revisions\/20088"}],"wp:featuredmedia":[{"embeddable":true,"href":"https:\/\/grupoemba.com.mx\/en\/wp-json\/wp\/v2\/media\/15481"}],"wp:attachment":[{"href":"https:\/\/grupoemba.com.mx\/en\/wp-json\/wp\/v2\/media?parent=14200"}],"wp:term":[{"taxonomy":"product_brand","embeddable":true,"href":"https:\/\/grupoemba.com.mx\/en\/wp-json\/wp\/v2\/product_brand?post=14200"},{"taxonomy":"product_cat","embeddable":true,"href":"https:\/\/grupoemba.com.mx\/en\/wp-json\/wp\/v2\/product_cat?post=14200"},{"taxonomy":"product_tag","embeddable":true,"href":"https:\/\/grupoemba.com.mx\/en\/wp-json\/wp\/v2\/product_tag?post=14200"}],"curies":[{"name":"wp","href":"https:\/\/api.w.org\/{rel}","templated":true}]}}