{"id":14171,"date":"2023-01-19T18:28:28","date_gmt":"2023-01-19T18:28:28","guid":{"rendered":"https:\/\/grupoemba.com.mx\/?product=colli-gp-7"},"modified":"2024-07-22T19:55:44","modified_gmt":"2024-07-22T19:55:44","slug":"colli-gp-7","status":"publish","type":"product","link":"https:\/\/grupoemba.com.mx\/en\/product\/colli-gp-7\/","title":{"rendered":"COLLI GP-7"},"content":{"rendered":"<p>Particularmente apta para recortar :<\/p>\n<ul>\n<li>el material excedente de calzados en PU con suelas bicolores inyectadas;<\/li>\n<li>los forros cosidos en profundidad de calzados con capelladas bordadas.<\/li>\n<\/ul>\n<p>El movimiento de las partes exc\u00e9ntricas a ba\u00f1o de aceite determina una baja rumorosidad.<\/p>\n<p>La m\u00e1quina est\u00e1 equipada de muela esmeril perfilada para la afiladura del cuchillito.<\/p>\n<p>&nbsp;<\/p>\n<p><iframe title=\"YouTube video player\" src=\"https:\/\/www.youtube.com\/embed\/tDgGsUOyIEk\" width=\"560\" height=\"315\" frameborder=\"0\" allowfullscreen=\"allowfullscreen\"><\/iframe><br \/>\nEmpezar en<br \/>\n0:05<\/p>","protected":false},"excerpt":{"rendered":"<p>Particularmente apta para recortar : el material excedente de calzados en PU con suelas bicolores inyectadas; los forros cosidos en profundidad de calzados con capelladas bordadas. El movimiento de las partes exc\u00e9ntricas a ba\u00f1o de aceite determina una baja rumorosidad. La m\u00e1quina est\u00e1 equipada de muela esmeril perfilada para la afiladura del cuchillito. &nbsp; Empezar<\/p>\n<div class=\"more-link\">\n\t\t\t\t <a href=\"https:\/\/grupoemba.com.mx\/en\/product\/colli-gp-7\/\" class=\"btn theme-btn\"><span>Read More <\/span><\/a>\n\t\t\t<\/div>","protected":false},"featured_media":18750,"comment_status":"open","ping_status":"closed","template":"","meta":{"_joinchat":[]},"product_brand":[],"product_cat":[36],"product_tag":[],"class_list":{"0":"post-14171","1":"product","2":"type-product","3":"status-publish","4":"has-post-thumbnail","6":"product_cat-maquinaria","8":"first","9":"instock","10":"shipping-taxable","11":"product-type-simple"},"jetpack_sharing_enabled":true,"_links":{"self":[{"href":"https:\/\/grupoemba.com.mx\/en\/wp-json\/wp\/v2\/product\/14171","targetHints":{"allow":["GET"]}}],"collection":[{"href":"https:\/\/grupoemba.com.mx\/en\/wp-json\/wp\/v2\/product"}],"about":[{"href":"https:\/\/grupoemba.com.mx\/en\/wp-json\/wp\/v2\/types\/product"}],"replies":[{"embeddable":true,"href":"https:\/\/grupoemba.com.mx\/en\/wp-json\/wp\/v2\/comments?post=14171"}],"version-history":[{"count":7,"href":"https:\/\/grupoemba.com.mx\/en\/wp-json\/wp\/v2\/product\/14171\/revisions"}],"predecessor-version":[{"id":20803,"href":"https:\/\/grupoemba.com.mx\/en\/wp-json\/wp\/v2\/product\/14171\/revisions\/20803"}],"wp:featuredmedia":[{"embeddable":true,"href":"https:\/\/grupoemba.com.mx\/en\/wp-json\/wp\/v2\/media\/18750"}],"wp:attachment":[{"href":"https:\/\/grupoemba.com.mx\/en\/wp-json\/wp\/v2\/media?parent=14171"}],"wp:term":[{"taxonomy":"product_brand","embeddable":true,"href":"https:\/\/grupoemba.com.mx\/en\/wp-json\/wp\/v2\/product_brand?post=14171"},{"taxonomy":"product_cat","embeddable":true,"href":"https:\/\/grupoemba.com.mx\/en\/wp-json\/wp\/v2\/product_cat?post=14171"},{"taxonomy":"product_tag","embeddable":true,"href":"https:\/\/grupoemba.com.mx\/en\/wp-json\/wp\/v2\/product_tag?post=14171"}],"curies":[{"name":"wp","href":"https:\/\/api.w.org\/{rel}","templated":true}]}}