{"id":14170,"date":"2023-01-19T18:28:28","date_gmt":"2023-01-19T18:28:28","guid":{"rendered":"https:\/\/grupoemba.com.mx\/?product=colli-gp-1"},"modified":"2025-04-04T18:55:48","modified_gmt":"2025-04-04T18:55:48","slug":"colli-gp-1","status":"publish","type":"product","link":"https:\/\/grupoemba.com.mx\/en\/product\/colli-gp-1\/","title":{"rendered":"COLLI GP-1"},"content":{"rendered":"<p>Recorta el sobrante de suelas y botas en goma, PVC y PU.<\/p>\n<p>Dotada de Alta Velocidad de corte, mediante el dispositivo cuchillo contralama transportador, es cap\u00e1z de realizar r\u00e1pidas y perfectos recortes.<\/p>\n<p>La m\u00e1quina est\u00e1 equipada de muela esmeril perfiladas para la afiladura del cuchillita<\/p>\n<p>&nbsp;<\/p>\n<p><iframe title=\"YouTube video player\" src=\"https:\/\/www.youtube.com\/embed\/OS1H9rcyXsg\" width=\"560\" height=\"315\" frameborder=\"0\" allowfullscreen=\"allowfullscreen\"><\/iframe><\/p>","protected":false},"excerpt":{"rendered":"<p>Recorta el sobrante de suelas y botas en goma, PVC y PU. Dotada de Alta Velocidad de corte, mediante el dispositivo cuchillo contralama transportador, es cap\u00e1z de realizar r\u00e1pidas y perfectos recortes. La m\u00e1quina est\u00e1 equipada de muela esmeril perfiladas para la afiladura del cuchillita &nbsp;<\/p>","protected":false},"featured_media":17790,"comment_status":"open","ping_status":"closed","template":"","meta":{"_joinchat":[]},"product_brand":[],"product_cat":[36],"product_tag":[],"class_list":{"0":"post-14170","1":"product","2":"type-product","3":"status-publish","4":"has-post-thumbnail","6":"product_cat-maquinaria","8":"first","9":"instock","10":"shipping-taxable","11":"product-type-simple"},"jetpack_sharing_enabled":true,"_links":{"self":[{"href":"https:\/\/grupoemba.com.mx\/en\/wp-json\/wp\/v2\/product\/14170","targetHints":{"allow":["GET"]}}],"collection":[{"href":"https:\/\/grupoemba.com.mx\/en\/wp-json\/wp\/v2\/product"}],"about":[{"href":"https:\/\/grupoemba.com.mx\/en\/wp-json\/wp\/v2\/types\/product"}],"replies":[{"embeddable":true,"href":"https:\/\/grupoemba.com.mx\/en\/wp-json\/wp\/v2\/comments?post=14170"}],"version-history":[{"count":16,"href":"https:\/\/grupoemba.com.mx\/en\/wp-json\/wp\/v2\/product\/14170\/revisions"}],"predecessor-version":[{"id":21050,"href":"https:\/\/grupoemba.com.mx\/en\/wp-json\/wp\/v2\/product\/14170\/revisions\/21050"}],"wp:featuredmedia":[{"embeddable":true,"href":"https:\/\/grupoemba.com.mx\/en\/wp-json\/wp\/v2\/media\/17790"}],"wp:attachment":[{"href":"https:\/\/grupoemba.com.mx\/en\/wp-json\/wp\/v2\/media?parent=14170"}],"wp:term":[{"taxonomy":"product_brand","embeddable":true,"href":"https:\/\/grupoemba.com.mx\/en\/wp-json\/wp\/v2\/product_brand?post=14170"},{"taxonomy":"product_cat","embeddable":true,"href":"https:\/\/grupoemba.com.mx\/en\/wp-json\/wp\/v2\/product_cat?post=14170"},{"taxonomy":"product_tag","embeddable":true,"href":"https:\/\/grupoemba.com.mx\/en\/wp-json\/wp\/v2\/product_tag?post=14170"}],"curies":[{"name":"wp","href":"https:\/\/api.w.org\/{rel}","templated":true}]}}