{"id":13517,"date":"2023-01-11T19:25:53","date_gmt":"2023-01-11T19:25:53","guid":{"rendered":"https:\/\/grupoemba.com.mx\/?product=aceiteras"},"modified":"2023-08-25T20:31:54","modified_gmt":"2023-08-25T20:31:54","slug":"aceiteras","status":"publish","type":"product","link":"https:\/\/grupoemba.com.mx\/en\/product\/aceiteras\/","title":{"rendered":"ACEITERAS PLASTICAS"},"content":{"rendered":"<p>Caracter\u00edsticas<\/p>\n<p>Tubo de pl\u00e1stico transparente con tapa pl\u00e1stica manejable de usar<\/p>\n<p>&nbsp;<\/p>\n<p>Aplicaciones<\/p>\n<p>Relleno de l\u00edquidos como pegamento, aceites, etc<\/p>","protected":false},"excerpt":{"rendered":"<p>Caracter\u00edsticas Tubo de pl\u00e1stico transparente con tapa pl\u00e1stica manejable de usar &nbsp; Aplicaciones Relleno de l\u00edquidos como pegamento, aceites, etc<\/p>","protected":false},"featured_media":18237,"comment_status":"open","ping_status":"closed","template":"","meta":{"_joinchat":[]},"product_brand":[],"product_cat":[15],"product_tag":[],"class_list":{"0":"post-13517","1":"product","2":"type-product","3":"status-publish","4":"has-post-thumbnail","6":"product_cat-peleteria","8":"first","9":"instock","10":"shipping-taxable","11":"product-type-simple"},"jetpack_sharing_enabled":true,"_links":{"self":[{"href":"https:\/\/grupoemba.com.mx\/en\/wp-json\/wp\/v2\/product\/13517","targetHints":{"allow":["GET"]}}],"collection":[{"href":"https:\/\/grupoemba.com.mx\/en\/wp-json\/wp\/v2\/product"}],"about":[{"href":"https:\/\/grupoemba.com.mx\/en\/wp-json\/wp\/v2\/types\/product"}],"replies":[{"embeddable":true,"href":"https:\/\/grupoemba.com.mx\/en\/wp-json\/wp\/v2\/comments?post=13517"}],"version-history":[{"count":4,"href":"https:\/\/grupoemba.com.mx\/en\/wp-json\/wp\/v2\/product\/13517\/revisions"}],"predecessor-version":[{"id":18069,"href":"https:\/\/grupoemba.com.mx\/en\/wp-json\/wp\/v2\/product\/13517\/revisions\/18069"}],"wp:featuredmedia":[{"embeddable":true,"href":"https:\/\/grupoemba.com.mx\/en\/wp-json\/wp\/v2\/media\/18237"}],"wp:attachment":[{"href":"https:\/\/grupoemba.com.mx\/en\/wp-json\/wp\/v2\/media?parent=13517"}],"wp:term":[{"taxonomy":"product_brand","embeddable":true,"href":"https:\/\/grupoemba.com.mx\/en\/wp-json\/wp\/v2\/product_brand?post=13517"},{"taxonomy":"product_cat","embeddable":true,"href":"https:\/\/grupoemba.com.mx\/en\/wp-json\/wp\/v2\/product_cat?post=13517"},{"taxonomy":"product_tag","embeddable":true,"href":"https:\/\/grupoemba.com.mx\/en\/wp-json\/wp\/v2\/product_tag?post=13517"}],"curies":[{"name":"wp","href":"https:\/\/api.w.org\/{rel}","templated":true}]}}