{"id":13504,"date":"2023-01-11T19:25:52","date_gmt":"2023-01-11T19:25:52","guid":{"rendered":"https:\/\/grupoemba.com.mx\/?product=candado-liso"},"modified":"2026-04-16T19:01:29","modified_gmt":"2026-04-16T19:01:29","slug":"candado-liso","status":"publish","type":"product","link":"https:\/\/grupoemba.com.mx\/en\/product\/candado-liso\/","title":{"rendered":"CANDADO LISO CAJA CON 5 MILLARES"},"content":{"rendered":"<p>Caracter\u00edsticas<\/p>\n<p>Tiras delgadas transparentes de polpipropileno<\/p>\n<p>Aplicaciones<\/p>\n<p>Plastiflecha de candado \u00fatil para la fijaci\u00f3n de etiquetas colgantes, precios y exhibici\u00f3n en accesorios, mochilas, empaques y zapatos<\/p>","protected":false},"excerpt":{"rendered":"<p>Caracter\u00edsticas Tiras delgadas transparentes de polpipropileno Aplicaciones Plastiflecha de candado \u00fatil para la fijaci\u00f3n de etiquetas colgantes, precios y exhibici\u00f3n en accesorios, mochilas, empaques y zapatos<\/p>","protected":false},"featured_media":21683,"comment_status":"open","ping_status":"closed","template":"","meta":{"_joinchat":[]},"product_brand":[],"product_cat":[15],"product_tag":[],"class_list":{"0":"post-13504","1":"product","2":"type-product","3":"status-publish","4":"has-post-thumbnail","6":"product_cat-peleteria","8":"first","9":"instock","10":"shipping-taxable","11":"product-type-simple"},"jetpack_sharing_enabled":true,"_links":{"self":[{"href":"https:\/\/grupoemba.com.mx\/en\/wp-json\/wp\/v2\/product\/13504","targetHints":{"allow":["GET"]}}],"collection":[{"href":"https:\/\/grupoemba.com.mx\/en\/wp-json\/wp\/v2\/product"}],"about":[{"href":"https:\/\/grupoemba.com.mx\/en\/wp-json\/wp\/v2\/types\/product"}],"replies":[{"embeddable":true,"href":"https:\/\/grupoemba.com.mx\/en\/wp-json\/wp\/v2\/comments?post=13504"}],"version-history":[{"count":4,"href":"https:\/\/grupoemba.com.mx\/en\/wp-json\/wp\/v2\/product\/13504\/revisions"}],"predecessor-version":[{"id":18060,"href":"https:\/\/grupoemba.com.mx\/en\/wp-json\/wp\/v2\/product\/13504\/revisions\/18060"}],"wp:featuredmedia":[{"embeddable":true,"href":"https:\/\/grupoemba.com.mx\/en\/wp-json\/wp\/v2\/media\/21683"}],"wp:attachment":[{"href":"https:\/\/grupoemba.com.mx\/en\/wp-json\/wp\/v2\/media?parent=13504"}],"wp:term":[{"taxonomy":"product_brand","embeddable":true,"href":"https:\/\/grupoemba.com.mx\/en\/wp-json\/wp\/v2\/product_brand?post=13504"},{"taxonomy":"product_cat","embeddable":true,"href":"https:\/\/grupoemba.com.mx\/en\/wp-json\/wp\/v2\/product_cat?post=13504"},{"taxonomy":"product_tag","embeddable":true,"href":"https:\/\/grupoemba.com.mx\/en\/wp-json\/wp\/v2\/product_tag?post=13504"}],"curies":[{"name":"wp","href":"https:\/\/api.w.org\/{rel}","templated":true}]}}