{"id":13500,"date":"2023-01-11T19:25:51","date_gmt":"2023-01-11T19:25:51","guid":{"rendered":"https:\/\/grupoemba.com.mx\/?product=chaira"},"modified":"2023-08-29T15:57:01","modified_gmt":"2023-08-29T15:57:01","slug":"chaira","status":"publish","type":"product","link":"https:\/\/grupoemba.com.mx\/en\/product\/chaira\/","title":{"rendered":"CHAIRA NICHOLSON #45"},"content":{"rendered":"<p>Es un utensilio que se emplea para asentar los filos de cuchillos u otros elementos de caracter\u00edsticas similares. Con el afilador de cuchillos Tramontina podr\u00e1s mantener tus cuchillos en \u00f3ptimas condiciones para que puedas cortar perfectamente y mantener el filo, est\u00e1 fabricado en material resistente y es de uso prolongado.<\/p>","protected":false},"excerpt":{"rendered":"<p>Es un utensilio que se emplea para asentar los filos de cuchillos u otros elementos de caracter\u00edsticas similares. Con el afilador de cuchillos Tramontina podr\u00e1s mantener tus cuchillos en \u00f3ptimas condiciones para que puedas cortar perfectamente y mantener el filo, est\u00e1 fabricado en material resistente y es de uso prolongado.<\/p>","protected":false},"featured_media":18258,"comment_status":"open","ping_status":"closed","template":"","meta":{"_joinchat":[]},"product_brand":[],"product_cat":[15],"product_tag":[],"class_list":{"0":"post-13500","1":"product","2":"type-product","3":"status-publish","4":"has-post-thumbnail","6":"product_cat-peleteria","8":"first","9":"instock","10":"shipping-taxable","11":"product-type-simple"},"jetpack_sharing_enabled":true,"_links":{"self":[{"href":"https:\/\/grupoemba.com.mx\/en\/wp-json\/wp\/v2\/product\/13500","targetHints":{"allow":["GET"]}}],"collection":[{"href":"https:\/\/grupoemba.com.mx\/en\/wp-json\/wp\/v2\/product"}],"about":[{"href":"https:\/\/grupoemba.com.mx\/en\/wp-json\/wp\/v2\/types\/product"}],"replies":[{"embeddable":true,"href":"https:\/\/grupoemba.com.mx\/en\/wp-json\/wp\/v2\/comments?post=13500"}],"version-history":[{"count":4,"href":"https:\/\/grupoemba.com.mx\/en\/wp-json\/wp\/v2\/product\/13500\/revisions"}],"predecessor-version":[{"id":18065,"href":"https:\/\/grupoemba.com.mx\/en\/wp-json\/wp\/v2\/product\/13500\/revisions\/18065"}],"wp:featuredmedia":[{"embeddable":true,"href":"https:\/\/grupoemba.com.mx\/en\/wp-json\/wp\/v2\/media\/18258"}],"wp:attachment":[{"href":"https:\/\/grupoemba.com.mx\/en\/wp-json\/wp\/v2\/media?parent=13500"}],"wp:term":[{"taxonomy":"product_brand","embeddable":true,"href":"https:\/\/grupoemba.com.mx\/en\/wp-json\/wp\/v2\/product_brand?post=13500"},{"taxonomy":"product_cat","embeddable":true,"href":"https:\/\/grupoemba.com.mx\/en\/wp-json\/wp\/v2\/product_cat?post=13500"},{"taxonomy":"product_tag","embeddable":true,"href":"https:\/\/grupoemba.com.mx\/en\/wp-json\/wp\/v2\/product_tag?post=13500"}],"curies":[{"name":"wp","href":"https:\/\/api.w.org\/{rel}","templated":true}]}}