{"id":13498,"date":"2023-01-11T19:25:51","date_gmt":"2023-01-11T19:25:51","guid":{"rendered":"https:\/\/grupoemba.com.mx\/?product=chamaleon"},"modified":"2023-08-29T15:57:03","modified_gmt":"2023-08-29T15:57:03","slug":"chamaleon","status":"publish","type":"product","link":"https:\/\/grupoemba.com.mx\/en\/product\/chamaleon\/","title":{"rendered":"RAYADOR DESB. CHAMALEON AZUL B500"},"content":{"rendered":"<p>Descripci\u00f3n y especificaci\u00f3n:<br \/>\nBol\u00edgrafo especial se ha escrito la marca en la superficie del cuero en la industria del calzado.<br \/>\nLa tinta puede estar desapareciendo despu\u00e9s de 24 horas o menos depende de clima diferente ,tales como la temperatura y humedad.<br \/>\nTambi\u00e9n es muy f\u00e1cil ser borrado por el agua normal con pa\u00f1o h\u00famedo .<br \/>\nLa duraci\u00f3n es de 8-12 meses<\/p>\n<p>No ponga estas plumas, bajo la luz solar o cualquier lugar de alta temperatura<\/p>","protected":false},"excerpt":{"rendered":"<p>Descripci\u00f3n y especificaci\u00f3n: Bol\u00edgrafo especial se ha escrito la marca en la superficie del cuero en la industria del calzado. La tinta puede estar desapareciendo despu\u00e9s de 24 horas o menos depende de clima diferente ,tales como la temperatura y humedad. Tambi\u00e9n es muy f\u00e1cil ser borrado por el agua normal con pa\u00f1o h\u00famedo .<\/p>\n<div class=\"more-link\">\n\t\t\t\t <a href=\"https:\/\/grupoemba.com.mx\/en\/product\/chamaleon\/\" class=\"btn theme-btn\"><span>Read More <\/span><\/a>\n\t\t\t<\/div>","protected":false},"featured_media":18259,"comment_status":"open","ping_status":"closed","template":"","meta":{"_joinchat":[]},"product_brand":[],"product_cat":[15],"product_tag":[],"class_list":{"0":"post-13498","1":"product","2":"type-product","3":"status-publish","4":"has-post-thumbnail","6":"product_cat-peleteria","8":"first","9":"instock","10":"shipping-taxable","11":"product-type-simple"},"jetpack_sharing_enabled":true,"_links":{"self":[{"href":"https:\/\/grupoemba.com.mx\/en\/wp-json\/wp\/v2\/product\/13498","targetHints":{"allow":["GET"]}}],"collection":[{"href":"https:\/\/grupoemba.com.mx\/en\/wp-json\/wp\/v2\/product"}],"about":[{"href":"https:\/\/grupoemba.com.mx\/en\/wp-json\/wp\/v2\/types\/product"}],"replies":[{"embeddable":true,"href":"https:\/\/grupoemba.com.mx\/en\/wp-json\/wp\/v2\/comments?post=13498"}],"version-history":[{"count":4,"href":"https:\/\/grupoemba.com.mx\/en\/wp-json\/wp\/v2\/product\/13498\/revisions"}],"predecessor-version":[{"id":18066,"href":"https:\/\/grupoemba.com.mx\/en\/wp-json\/wp\/v2\/product\/13498\/revisions\/18066"}],"wp:featuredmedia":[{"embeddable":true,"href":"https:\/\/grupoemba.com.mx\/en\/wp-json\/wp\/v2\/media\/18259"}],"wp:attachment":[{"href":"https:\/\/grupoemba.com.mx\/en\/wp-json\/wp\/v2\/media?parent=13498"}],"wp:term":[{"taxonomy":"product_brand","embeddable":true,"href":"https:\/\/grupoemba.com.mx\/en\/wp-json\/wp\/v2\/product_brand?post=13498"},{"taxonomy":"product_cat","embeddable":true,"href":"https:\/\/grupoemba.com.mx\/en\/wp-json\/wp\/v2\/product_cat?post=13498"},{"taxonomy":"product_tag","embeddable":true,"href":"https:\/\/grupoemba.com.mx\/en\/wp-json\/wp\/v2\/product_tag?post=13498"}],"curies":[{"name":"wp","href":"https:\/\/api.w.org\/{rel}","templated":true}]}}