{"id":13480,"date":"2023-01-11T19:25:49","date_gmt":"2023-01-11T19:25:49","guid":{"rendered":"https:\/\/grupoemba.com.mx\/?product=estopa"},"modified":"2023-08-18T18:25:28","modified_gmt":"2023-08-18T18:25:28","slug":"estopa","status":"publish","type":"product","link":"https:\/\/grupoemba.com.mx\/en\/product\/estopa\/","title":{"rendered":"ESTOPA BLANCA 1RA POR KILO"},"content":{"rendered":"<p>La estopa es un material que se compone de fibras de lino.<\/p>\n<p>Su uso es b\u00e1sico y general. Es ideal para limpieza, todo tipo de\u00a0superficies, mantenimiento de maquinaria y\u00a0aplicaci\u00f3n de acabados sobre madera.<\/p>\n<p>Se recomienda en trabajos para plomer\u00edas, carpinter\u00eda, herrer\u00eda y pintura.<\/p>\n<p>Un producto que sin duda tiene un sin fin de usos.<\/p>","protected":false},"excerpt":{"rendered":"<p>La estopa es un material que se compone de fibras de lino. Su uso es b\u00e1sico y general. Es ideal para limpieza, todo tipo de\u00a0superficies, mantenimiento de maquinaria y\u00a0aplicaci\u00f3n de acabados sobre madera. Se recomienda en trabajos para plomer\u00edas, carpinter\u00eda, herrer\u00eda y pintura. Un producto que sin duda tiene un sin fin de usos.<\/p>","protected":false},"featured_media":15984,"comment_status":"open","ping_status":"closed","template":"","meta":{"_joinchat":[]},"product_brand":[],"product_cat":[15],"product_tag":[],"class_list":{"0":"post-13480","1":"product","2":"type-product","3":"status-publish","4":"has-post-thumbnail","6":"product_cat-peleteria","8":"first","9":"instock","10":"shipping-taxable","11":"product-type-simple"},"jetpack_sharing_enabled":true,"_links":{"self":[{"href":"https:\/\/grupoemba.com.mx\/en\/wp-json\/wp\/v2\/product\/13480","targetHints":{"allow":["GET"]}}],"collection":[{"href":"https:\/\/grupoemba.com.mx\/en\/wp-json\/wp\/v2\/product"}],"about":[{"href":"https:\/\/grupoemba.com.mx\/en\/wp-json\/wp\/v2\/types\/product"}],"replies":[{"embeddable":true,"href":"https:\/\/grupoemba.com.mx\/en\/wp-json\/wp\/v2\/comments?post=13480"}],"version-history":[{"count":3,"href":"https:\/\/grupoemba.com.mx\/en\/wp-json\/wp\/v2\/product\/13480\/revisions"}],"predecessor-version":[{"id":18072,"href":"https:\/\/grupoemba.com.mx\/en\/wp-json\/wp\/v2\/product\/13480\/revisions\/18072"}],"wp:featuredmedia":[{"embeddable":true,"href":"https:\/\/grupoemba.com.mx\/en\/wp-json\/wp\/v2\/media\/15984"}],"wp:attachment":[{"href":"https:\/\/grupoemba.com.mx\/en\/wp-json\/wp\/v2\/media?parent=13480"}],"wp:term":[{"taxonomy":"product_brand","embeddable":true,"href":"https:\/\/grupoemba.com.mx\/en\/wp-json\/wp\/v2\/product_brand?post=13480"},{"taxonomy":"product_cat","embeddable":true,"href":"https:\/\/grupoemba.com.mx\/en\/wp-json\/wp\/v2\/product_cat?post=13480"},{"taxonomy":"product_tag","embeddable":true,"href":"https:\/\/grupoemba.com.mx\/en\/wp-json\/wp\/v2\/product_tag?post=13480"}],"curies":[{"name":"wp","href":"https:\/\/api.w.org\/{rel}","templated":true}]}}