{"id":13479,"date":"2023-01-11T19:25:49","date_gmt":"2023-01-11T19:25:49","guid":{"rendered":"https:\/\/grupoemba.com.mx\/?product=exacto-olfa-45"},"modified":"2023-08-29T15:57:05","modified_gmt":"2023-08-29T15:57:05","slug":"exacto-olfa-45","status":"publish","type":"product","link":"https:\/\/grupoemba.com.mx\/en\/product\/exacto-olfa-45\/","title":{"rendered":"OLFA EXACTO CORTE OBLICUO 45\u00b0"},"content":{"rendered":"<p>OLFA MC-45 cuanta con apoyos de goma adhesiva antideslizante para la gu\u00eda de corte. Primero trace el contorno con l\u00e1piz. Coloque el MC-45 en posici\u00f3n y haga deslizar ligeramente la cuchilla. No haga corte inicial profundo. Mueva el MC-45 de lado a lado varias veces, incrementando la profundidad gradualmente en cada pasada. Corte un poco m\u00e1s en las esquinas\u00a0 para obtener cortes limpios. Utilizar repuestos OLFA MCB. La cuchilla es extremadamente filosa, manejar con cuidado.<\/p>","protected":false},"excerpt":{"rendered":"<p>OLFA MC-45 cuanta con apoyos de goma adhesiva antideslizante para la gu\u00eda de corte. Primero trace el contorno con l\u00e1piz. Coloque el MC-45 en posici\u00f3n y haga deslizar ligeramente la cuchilla. No haga corte inicial profundo. Mueva el MC-45 de lado a lado varias veces, incrementando la profundidad gradualmente en cada pasada. Corte un poco<\/p>\n<div class=\"more-link\">\n\t\t\t\t <a href=\"https:\/\/grupoemba.com.mx\/en\/product\/exacto-olfa-45\/\" class=\"btn theme-btn\"><span>Read More <\/span><\/a>\n\t\t\t<\/div>","protected":false},"featured_media":18301,"comment_status":"open","ping_status":"closed","template":"","meta":{"_joinchat":[]},"product_brand":[],"product_cat":[15],"product_tag":[],"class_list":{"0":"post-13479","1":"product","2":"type-product","3":"status-publish","4":"has-post-thumbnail","6":"product_cat-peleteria","8":"first","9":"instock","10":"shipping-taxable","11":"product-type-simple"},"jetpack_sharing_enabled":true,"_links":{"self":[{"href":"https:\/\/grupoemba.com.mx\/en\/wp-json\/wp\/v2\/product\/13479","targetHints":{"allow":["GET"]}}],"collection":[{"href":"https:\/\/grupoemba.com.mx\/en\/wp-json\/wp\/v2\/product"}],"about":[{"href":"https:\/\/grupoemba.com.mx\/en\/wp-json\/wp\/v2\/types\/product"}],"replies":[{"embeddable":true,"href":"https:\/\/grupoemba.com.mx\/en\/wp-json\/wp\/v2\/comments?post=13479"}],"version-history":[{"count":3,"href":"https:\/\/grupoemba.com.mx\/en\/wp-json\/wp\/v2\/product\/13479\/revisions"}],"predecessor-version":[{"id":18092,"href":"https:\/\/grupoemba.com.mx\/en\/wp-json\/wp\/v2\/product\/13479\/revisions\/18092"}],"wp:featuredmedia":[{"embeddable":true,"href":"https:\/\/grupoemba.com.mx\/en\/wp-json\/wp\/v2\/media\/18301"}],"wp:attachment":[{"href":"https:\/\/grupoemba.com.mx\/en\/wp-json\/wp\/v2\/media?parent=13479"}],"wp:term":[{"taxonomy":"product_brand","embeddable":true,"href":"https:\/\/grupoemba.com.mx\/en\/wp-json\/wp\/v2\/product_brand?post=13479"},{"taxonomy":"product_cat","embeddable":true,"href":"https:\/\/grupoemba.com.mx\/en\/wp-json\/wp\/v2\/product_cat?post=13479"},{"taxonomy":"product_tag","embeddable":true,"href":"https:\/\/grupoemba.com.mx\/en\/wp-json\/wp\/v2\/product_tag?post=13479"}],"curies":[{"name":"wp","href":"https:\/\/api.w.org\/{rel}","templated":true}]}}