{"id":13468,"date":"2023-01-11T19:25:47","date_gmt":"2023-01-11T19:25:47","guid":{"rendered":"https:\/\/grupoemba.com.mx\/?product=lapiz-de-cera"},"modified":"2023-08-29T15:57:07","modified_gmt":"2023-08-29T15:57:07","slug":"lapiz-de-cera","status":"publish","type":"product","link":"https:\/\/grupoemba.com.mx\/en\/product\/lapiz-de-cera\/","title":{"rendered":"LAPIZ DE CERA BLANCO"},"content":{"rendered":"<p>Marcas de cera vers\u00e1tiles en superficies porosas y no porosas, como porcelana, cer\u00e1mica, vidrio, metal y pl\u00e1stico.<\/p>\n<p>Este marcador est\u00e1 formulado para resistir la humedad y la decoloraci\u00f3n, y est\u00e1 envuelto en papel, por lo que nunca necesita ser afilado. Simplemente tira de la cuerda y despega la tira para revelar m\u00e1s marcador.<\/p>\n<p>No se requiere afilado: retire la envoltura de papel para obtener m\u00e1s marcador.<\/p>\n<p>La f\u00f3rmula de l\u00e1piz de cera resistente a la decoloraci\u00f3n y la humedad crea marcas f\u00e1ciles de ver.<\/p>\n<p>Se borra f\u00e1cil y limpiamente con un pa\u00f1o h\u00famedo.<\/p>","protected":false},"excerpt":{"rendered":"<p>Marcas de cera vers\u00e1tiles en superficies porosas y no porosas, como porcelana, cer\u00e1mica, vidrio, metal y pl\u00e1stico. Este marcador est\u00e1 formulado para resistir la humedad y la decoloraci\u00f3n, y est\u00e1 envuelto en papel, por lo que nunca necesita ser afilado. Simplemente tira de la cuerda y despega la tira para revelar m\u00e1s marcador. No se<\/p>\n<div class=\"more-link\">\n\t\t\t\t <a href=\"https:\/\/grupoemba.com.mx\/en\/product\/lapiz-de-cera\/\" class=\"btn theme-btn\"><span>Read More <\/span><\/a>\n\t\t\t<\/div>","protected":false},"featured_media":18283,"comment_status":"open","ping_status":"closed","template":"","meta":{"_joinchat":[]},"product_brand":[],"product_cat":[15],"product_tag":[],"class_list":{"0":"post-13468","1":"product","2":"type-product","3":"status-publish","4":"has-post-thumbnail","6":"product_cat-peleteria","8":"first","9":"instock","10":"shipping-taxable","11":"product-type-simple"},"jetpack_sharing_enabled":true,"_links":{"self":[{"href":"https:\/\/grupoemba.com.mx\/en\/wp-json\/wp\/v2\/product\/13468","targetHints":{"allow":["GET"]}}],"collection":[{"href":"https:\/\/grupoemba.com.mx\/en\/wp-json\/wp\/v2\/product"}],"about":[{"href":"https:\/\/grupoemba.com.mx\/en\/wp-json\/wp\/v2\/types\/product"}],"replies":[{"embeddable":true,"href":"https:\/\/grupoemba.com.mx\/en\/wp-json\/wp\/v2\/comments?post=13468"}],"version-history":[{"count":4,"href":"https:\/\/grupoemba.com.mx\/en\/wp-json\/wp\/v2\/product\/13468\/revisions"}],"predecessor-version":[{"id":18084,"href":"https:\/\/grupoemba.com.mx\/en\/wp-json\/wp\/v2\/product\/13468\/revisions\/18084"}],"wp:featuredmedia":[{"embeddable":true,"href":"https:\/\/grupoemba.com.mx\/en\/wp-json\/wp\/v2\/media\/18283"}],"wp:attachment":[{"href":"https:\/\/grupoemba.com.mx\/en\/wp-json\/wp\/v2\/media?parent=13468"}],"wp:term":[{"taxonomy":"product_brand","embeddable":true,"href":"https:\/\/grupoemba.com.mx\/en\/wp-json\/wp\/v2\/product_brand?post=13468"},{"taxonomy":"product_cat","embeddable":true,"href":"https:\/\/grupoemba.com.mx\/en\/wp-json\/wp\/v2\/product_cat?post=13468"},{"taxonomy":"product_tag","embeddable":true,"href":"https:\/\/grupoemba.com.mx\/en\/wp-json\/wp\/v2\/product_tag?post=13468"}],"curies":[{"name":"wp","href":"https:\/\/api.w.org\/{rel}","templated":true}]}}