{"id":13466,"date":"2023-01-11T19:25:47","date_gmt":"2023-01-11T19:25:47","guid":{"rendered":"https:\/\/grupoemba.com.mx\/?product=navaja-olfa-lbb-10"},"modified":"2023-08-29T15:57:07","modified_gmt":"2023-08-29T15:57:07","slug":"navaja-olfa-lbb-10","status":"publish","type":"product","link":"https:\/\/grupoemba.com.mx\/en\/product\/navaja-olfa-lbb-10\/","title":{"rendered":"OLFA NAVAJA P\/EXACTO LBB-10 GDE-NEGRA"},"content":{"rendered":"<p>ExcelBlack de servicio pesado de alta calidad ultra-fuerte complemento de l\u00e1minas negro, dise\u00f1ados<br \/>\nexclusivamente para obtener el m\u00e1ximo rendimiento de corte, son ideales para aplicaciones donde se<br \/>\nrequiere una nitidez superior.<\/p>","protected":false},"excerpt":{"rendered":"<p>ExcelBlack de servicio pesado de alta calidad ultra-fuerte complemento de l\u00e1minas negro, dise\u00f1ados exclusivamente para obtener el m\u00e1ximo rendimiento de corte, son ideales para aplicaciones donde se requiere una nitidez superior.<\/p>","protected":false},"featured_media":18293,"comment_status":"open","ping_status":"closed","template":"","meta":{"_joinchat":[]},"product_brand":[],"product_cat":[15],"product_tag":[],"class_list":{"0":"post-13466","1":"product","2":"type-product","3":"status-publish","4":"has-post-thumbnail","6":"product_cat-peleteria","8":"first","9":"instock","10":"shipping-taxable","11":"product-type-simple"},"jetpack_sharing_enabled":true,"_links":{"self":[{"href":"https:\/\/grupoemba.com.mx\/en\/wp-json\/wp\/v2\/product\/13466","targetHints":{"allow":["GET"]}}],"collection":[{"href":"https:\/\/grupoemba.com.mx\/en\/wp-json\/wp\/v2\/product"}],"about":[{"href":"https:\/\/grupoemba.com.mx\/en\/wp-json\/wp\/v2\/types\/product"}],"replies":[{"embeddable":true,"href":"https:\/\/grupoemba.com.mx\/en\/wp-json\/wp\/v2\/comments?post=13466"}],"version-history":[{"count":4,"href":"https:\/\/grupoemba.com.mx\/en\/wp-json\/wp\/v2\/product\/13466\/revisions"}],"predecessor-version":[{"id":18095,"href":"https:\/\/grupoemba.com.mx\/en\/wp-json\/wp\/v2\/product\/13466\/revisions\/18095"}],"wp:featuredmedia":[{"embeddable":true,"href":"https:\/\/grupoemba.com.mx\/en\/wp-json\/wp\/v2\/media\/18293"}],"wp:attachment":[{"href":"https:\/\/grupoemba.com.mx\/en\/wp-json\/wp\/v2\/media?parent=13466"}],"wp:term":[{"taxonomy":"product_brand","embeddable":true,"href":"https:\/\/grupoemba.com.mx\/en\/wp-json\/wp\/v2\/product_brand?post=13466"},{"taxonomy":"product_cat","embeddable":true,"href":"https:\/\/grupoemba.com.mx\/en\/wp-json\/wp\/v2\/product_cat?post=13466"},{"taxonomy":"product_tag","embeddable":true,"href":"https:\/\/grupoemba.com.mx\/en\/wp-json\/wp\/v2\/product_tag?post=13466"}],"curies":[{"name":"wp","href":"https:\/\/api.w.org\/{rel}","templated":true}]}}