{"id":13462,"date":"2023-01-11T19:25:47","date_gmt":"2023-01-11T19:25:47","guid":{"rendered":"https:\/\/grupoemba.com.mx\/?product=lijas-fandeli"},"modified":"2023-08-29T15:57:08","modified_gmt":"2023-08-29T15:57:08","slug":"lijas-fandeli","status":"publish","type":"product","link":"https:\/\/grupoemba.com.mx\/en\/product\/lijas-fandeli\/","title":{"rendered":"FANDELLI A-99 LIJA HOJA AGUA GRANO 220"},"content":{"rendered":"<p>Linea desarrollada con papel impermeable ideal para el lijado manual en h\u00famedo. Su uso es apropiado en la industria Automotriz, Metal-Mec\u00e1nica, Mantenimiento Industrial, Talleres de Hojalater\u00eda y Pintura, Proyectos en el hogar y una gran variedad de materiales.<\/p>","protected":false},"excerpt":{"rendered":"<p>Linea desarrollada con papel impermeable ideal para el lijado manual en h\u00famedo. Su uso es apropiado en la industria Automotriz, Metal-Mec\u00e1nica, Mantenimiento Industrial, Talleres de Hojalater\u00eda y Pintura, Proyectos en el hogar y una gran variedad de materiales.<\/p>","protected":false},"featured_media":18280,"comment_status":"open","ping_status":"closed","template":"","meta":{"_joinchat":[]},"product_brand":[],"product_cat":[15],"product_tag":[],"class_list":{"0":"post-13462","1":"product","2":"type-product","3":"status-publish","4":"has-post-thumbnail","6":"product_cat-peleteria","8":"first","9":"instock","10":"shipping-taxable","11":"product-type-simple"},"jetpack_sharing_enabled":true,"_links":{"self":[{"href":"https:\/\/grupoemba.com.mx\/en\/wp-json\/wp\/v2\/product\/13462","targetHints":{"allow":["GET"]}}],"collection":[{"href":"https:\/\/grupoemba.com.mx\/en\/wp-json\/wp\/v2\/product"}],"about":[{"href":"https:\/\/grupoemba.com.mx\/en\/wp-json\/wp\/v2\/types\/product"}],"replies":[{"embeddable":true,"href":"https:\/\/grupoemba.com.mx\/en\/wp-json\/wp\/v2\/comments?post=13462"}],"version-history":[{"count":4,"href":"https:\/\/grupoemba.com.mx\/en\/wp-json\/wp\/v2\/product\/13462\/revisions"}],"predecessor-version":[{"id":18075,"href":"https:\/\/grupoemba.com.mx\/en\/wp-json\/wp\/v2\/product\/13462\/revisions\/18075"}],"wp:featuredmedia":[{"embeddable":true,"href":"https:\/\/grupoemba.com.mx\/en\/wp-json\/wp\/v2\/media\/18280"}],"wp:attachment":[{"href":"https:\/\/grupoemba.com.mx\/en\/wp-json\/wp\/v2\/media?parent=13462"}],"wp:term":[{"taxonomy":"product_brand","embeddable":true,"href":"https:\/\/grupoemba.com.mx\/en\/wp-json\/wp\/v2\/product_brand?post=13462"},{"taxonomy":"product_cat","embeddable":true,"href":"https:\/\/grupoemba.com.mx\/en\/wp-json\/wp\/v2\/product_cat?post=13462"},{"taxonomy":"product_tag","embeddable":true,"href":"https:\/\/grupoemba.com.mx\/en\/wp-json\/wp\/v2\/product_tag?post=13462"}],"curies":[{"name":"wp","href":"https:\/\/api.w.org\/{rel}","templated":true}]}}