{"id":13451,"date":"2023-01-11T19:25:45","date_gmt":"2023-01-11T19:25:45","guid":{"rendered":"https:\/\/grupoemba.com.mx\/?product=olfa-sac-1-30"},"modified":"2026-04-09T23:05:22","modified_gmt":"2026-04-09T23:05:22","slug":"olfa-sac-1-30","status":"publish","type":"product","link":"https:\/\/grupoemba.com.mx\/en\/product\/olfa-sac-1-30\/","title":{"rendered":"OLFA EXACTO CHICO MOD SVR-1"},"content":{"rendered":"<p>Cuchilla SAC-1 con mango de acero inoxidable con \u00e1ngulo de 30 grados para artes gr\u00e1ficas. Si necesitas cortar zonas muy precisas, o realizar un trabajo m\u00e1s detallado esta cuchilla tiene ventajas \u00fanicas porque su l\u00e1mina en un \u00e1ngulo de 30 grados te permitir\u00e1 llevar a cabo el trabajo como ning\u00fan otro. Recomendado para artes gr\u00e1ficas, artesan\u00edas y todo tipo de trabajos relacionados con cierto detalle especial. Para uso dom\u00e9stico y profesional. Corta f\u00e1cilmente cart\u00f3n, pl\u00e1sticos, tablero de espuma, K-Line y otros materiales. L\u00e1mina fabricada a partir de 0.38 mm de espesor y 9 mm de ancho, con una inclinaci\u00f3n de 30 \u00b0 para trabajar con adhesivos de vinilo adecuados, rotulistas, etc.cL\u00e1minas de recambio: SAB \/ DKB.<\/p>","protected":false},"excerpt":{"rendered":"<p>Cuchilla SAC-1 con mango de acero inoxidable con \u00e1ngulo de 30 grados para artes gr\u00e1ficas. Si necesitas cortar zonas muy precisas, o realizar un trabajo m\u00e1s detallado esta cuchilla tiene ventajas \u00fanicas porque su l\u00e1mina en un \u00e1ngulo de 30 grados te permitir\u00e1 llevar a cabo el trabajo como ning\u00fan otro. Recomendado para artes gr\u00e1ficas,<\/p>\n<div class=\"more-link\">\n\t\t\t\t <a href=\"https:\/\/grupoemba.com.mx\/en\/product\/olfa-sac-1-30\/\" class=\"btn theme-btn\"><span>Read More <\/span><\/a>\n\t\t\t<\/div>","protected":false},"featured_media":21669,"comment_status":"open","ping_status":"closed","template":"","meta":{"_joinchat":[]},"product_brand":[],"product_cat":[15],"product_tag":[],"class_list":{"0":"post-13451","1":"product","2":"type-product","3":"status-publish","4":"has-post-thumbnail","6":"product_cat-peleteria","8":"first","9":"instock","10":"shipping-taxable","11":"product-type-simple"},"jetpack_sharing_enabled":true,"_links":{"self":[{"href":"https:\/\/grupoemba.com.mx\/en\/wp-json\/wp\/v2\/product\/13451","targetHints":{"allow":["GET"]}}],"collection":[{"href":"https:\/\/grupoemba.com.mx\/en\/wp-json\/wp\/v2\/product"}],"about":[{"href":"https:\/\/grupoemba.com.mx\/en\/wp-json\/wp\/v2\/types\/product"}],"replies":[{"embeddable":true,"href":"https:\/\/grupoemba.com.mx\/en\/wp-json\/wp\/v2\/comments?post=13451"}],"version-history":[{"count":5,"href":"https:\/\/grupoemba.com.mx\/en\/wp-json\/wp\/v2\/product\/13451\/revisions"}],"predecessor-version":[{"id":21671,"href":"https:\/\/grupoemba.com.mx\/en\/wp-json\/wp\/v2\/product\/13451\/revisions\/21671"}],"wp:featuredmedia":[{"embeddable":true,"href":"https:\/\/grupoemba.com.mx\/en\/wp-json\/wp\/v2\/media\/21669"}],"wp:attachment":[{"href":"https:\/\/grupoemba.com.mx\/en\/wp-json\/wp\/v2\/media?parent=13451"}],"wp:term":[{"taxonomy":"product_brand","embeddable":true,"href":"https:\/\/grupoemba.com.mx\/en\/wp-json\/wp\/v2\/product_brand?post=13451"},{"taxonomy":"product_cat","embeddable":true,"href":"https:\/\/grupoemba.com.mx\/en\/wp-json\/wp\/v2\/product_cat?post=13451"},{"taxonomy":"product_tag","embeddable":true,"href":"https:\/\/grupoemba.com.mx\/en\/wp-json\/wp\/v2\/product_tag?post=13451"}],"curies":[{"name":"wp","href":"https:\/\/api.w.org\/{rel}","templated":true}]}}