{"id":13438,"date":"2023-01-11T19:25:42","date_gmt":"2023-01-11T19:25:42","guid":{"rendered":"https:\/\/grupoemba.com.mx\/?product=holsten"},"modified":"2024-03-20T17:26:58","modified_gmt":"2024-03-20T17:26:58","slug":"holsten","status":"publish","type":"product","link":"https:\/\/grupoemba.com.mx\/en\/product\/holsten\/","title":{"rendered":"RAYADOR HOLSTEN DE AGUA"},"content":{"rendered":"<p>Rayador plata para marcar piel.<\/p>\n<p>Caracter\u00edsticas:<\/p>\n<p>M\u00e1s grueso<\/p>\n<p>m\u00e1s capacidad de tinta<\/p>\n<p>Protecci\u00f3n en la punta<\/p>","protected":false},"excerpt":{"rendered":"<p>Rayador plata para marcar piel. Caracter\u00edsticas: M\u00e1s grueso m\u00e1s capacidad de tinta Protecci\u00f3n en la punta<\/p>","protected":false},"featured_media":19930,"comment_status":"open","ping_status":"closed","template":"","meta":{"_joinchat":[]},"product_brand":[],"product_cat":[15],"product_tag":[],"class_list":{"0":"post-13438","1":"product","2":"type-product","3":"status-publish","4":"has-post-thumbnail","6":"product_cat-peleteria","8":"first","9":"instock","10":"shipping-taxable","11":"product-type-simple"},"jetpack_sharing_enabled":true,"_links":{"self":[{"href":"https:\/\/grupoemba.com.mx\/en\/wp-json\/wp\/v2\/product\/13438","targetHints":{"allow":["GET"]}}],"collection":[{"href":"https:\/\/grupoemba.com.mx\/en\/wp-json\/wp\/v2\/product"}],"about":[{"href":"https:\/\/grupoemba.com.mx\/en\/wp-json\/wp\/v2\/types\/product"}],"replies":[{"embeddable":true,"href":"https:\/\/grupoemba.com.mx\/en\/wp-json\/wp\/v2\/comments?post=13438"}],"version-history":[{"count":3,"href":"https:\/\/grupoemba.com.mx\/en\/wp-json\/wp\/v2\/product\/13438\/revisions"}],"predecessor-version":[{"id":18081,"href":"https:\/\/grupoemba.com.mx\/en\/wp-json\/wp\/v2\/product\/13438\/revisions\/18081"}],"wp:featuredmedia":[{"embeddable":true,"href":"https:\/\/grupoemba.com.mx\/en\/wp-json\/wp\/v2\/media\/19930"}],"wp:attachment":[{"href":"https:\/\/grupoemba.com.mx\/en\/wp-json\/wp\/v2\/media?parent=13438"}],"wp:term":[{"taxonomy":"product_brand","embeddable":true,"href":"https:\/\/grupoemba.com.mx\/en\/wp-json\/wp\/v2\/product_brand?post=13438"},{"taxonomy":"product_cat","embeddable":true,"href":"https:\/\/grupoemba.com.mx\/en\/wp-json\/wp\/v2\/product_cat?post=13438"},{"taxonomy":"product_tag","embeddable":true,"href":"https:\/\/grupoemba.com.mx\/en\/wp-json\/wp\/v2\/product_tag?post=13438"}],"curies":[{"name":"wp","href":"https:\/\/api.w.org\/{rel}","templated":true}]}}